{"id":1370,"date":"2024-01-20T21:31:14","date_gmt":"2024-01-20T20:31:14","guid":{"rendered":"https:\/\/kinokine.com\/?page_id=1370"},"modified":"2024-04-22T16:09:16","modified_gmt":"2024-04-22T14:09:16","slug":"a-propos","status":"publish","type":"page","link":"https:\/\/kinokine.com\/?page_id=1370","title":{"rendered":"\u00c0 propos"},"content":{"rendered":"\t\t<div data-elementor-type=\"wp-page\" data-elementor-id=\"1370\" class=\"elementor elementor-1370\">\n\t\t\t\t\t\t<section class=\"elementor-section elementor-top-section elementor-element elementor-element-54590f41 elementor-section-content-middle elementor-section-boxed elementor-section-height-default elementor-section-height-default\" data-id=\"54590f41\" data-element_type=\"section\" data-settings=\"{&quot;background_background&quot;:&quot;video&quot;}\">\n\t\t\t\t\t\t<div class=\"elementor-container elementor-column-gap-no\">\n\t\t\t\t\t<div class=\"aux-parallax-section elementor-column elementor-col-50 elementor-top-column elementor-element elementor-element-28fdc285\" data-id=\"28fdc285\" data-element_type=\"column\" data-settings=\"{&quot;background_background&quot;:&quot;classic&quot;}\">\n\t\t\t<div class=\"elementor-widget-wrap elementor-element-populated\">\n\t\t\t\t\t\t<div class=\"elementor-element elementor-element-16b49c55 aux-appear-watch-animation aux-fade-in-left-1 elementor-widget elementor-widget-aux_image\" data-id=\"16b49c55\" data-element_type=\"widget\" data-widget_type=\"aux_image.default\">\n\t\t\t\t<div class=\"elementor-widget-container\">\n\t\t\t<section class=\"widget-container aux-widget-image aux-alignnone aux-parent-au4e314af6\">\n    <div class=\"aux-media-hint-frame \">\n        <div class=\"aux-media-image \" >\n        \n            \n\n            \n            <img fetchpriority=\"high\" decoding=\"async\" width=\"250\" height=\"400\" src=\"data:image\/gif;base64,R0lGODlhAQABAIAAAAAAAP\/\/\/yH5BAEAAAAALAAAAAABAAEAAAIBRAA7\" class=\"aux-attachment aux-featured-image aux-attachment-id-2022 aux-preload aux-blank\" alt=\"Photo portrait de Lucie Gabrielle\" data-ratio=\"0.63\" data-original-w=\"533\" sizes=\"auto\" data-srcset=\"https:\/\/kinokine.com\/wp-content\/uploads\/2024\/03\/A7405389-800px-1-150x240.jpg 150w,https:\/\/kinokine.com\/wp-content\/uploads\/2024\/03\/A7405389-800px-1-300x480.jpg 300w,https:\/\/kinokine.com\/wp-content\/uploads\/2024\/03\/A7405389-800px-1.jpg 250w\" data-src=\"https:\/\/kinokine.com\/wp-content\/uploads\/2024\/03\/A7405389-800px-1.jpg\" \/>            \n                <\/div>\n    <\/div>\n\n<\/section><!-- widget-container -->\t\t<\/div>\n\t\t\t\t<\/div>\n\t\t\t\t\t<\/div>\n\t\t<\/div>\n\t\t\t\t<div class=\"aux-parallax-section elementor-column elementor-col-50 elementor-top-column elementor-element elementor-element-7b9f2383\" data-id=\"7b9f2383\" data-element_type=\"column\">\n\t\t\t<div class=\"elementor-widget-wrap elementor-element-populated\">\n\t\t\t\t\t\t<div class=\"elementor-element elementor-element-2d4262f3 aux-appear-watch-animation aux-fade-in-right-1 elementor-widget elementor-widget-aux_modern_heading\" data-id=\"2d4262f3\" data-element_type=\"widget\" data-widget_type=\"aux_modern_heading.default\">\n\t\t\t\t<div class=\"elementor-widget-container\">\n\t\t\t<section class=\"aux-widget-modern-heading\">\n            <div class=\"aux-widget-inner\"><div class=\"aux-modern-heading-divider\"><\/div><h4 class=\"aux-modern-heading-primary\">Lucie Gabrielle<\/h4><div class=\"aux-modern-heading-description\"><p>Apr\u00e8s des \u00e9tudes de cin\u00e9ma, de techniques audiovisuelles et de sociologie, j'ai principalement travaill\u00e9 dans le secteur du cirque contemporain, de la danse et de la musique en tant que cadreuse, monteuse ou charg\u00e9e de communication vid\u00e9aste. Je r\u00e9alise et monte aussi des films d'entreprise.<\/p><p>J'ai cr\u00e9\u00e9 Kinokine pour valoriser l\u2019authenticit\u00e9 et l'humain. Chaque projet est une rencontre entre le regard d'un\u00b7e vid\u00e9aste et celui de l'artiste ou de l'entreprise. Le point de d\u00e9part est l'\u00e9coute et la sensibilit\u00e9 pour transmettre le message ad\u00e9quat.<\/p><p>Je travaille en partenariat avec un r\u00e9seau d'artistes ind\u00e9pendants et de loueurs de mat\u00e9riel audiovisuel pour les projets ayant des besoins sp\u00e9cifiques.<\/p><\/div><\/div>\n        <\/section>\t\t<\/div>\n\t\t\t\t<\/div>\n\t\t\t\t<div class=\"elementor-element elementor-element-44f439b5 aux-appear-watch-animation aux-fade-in-up elementor-widget elementor-widget-aux_image\" data-id=\"44f439b5\" data-element_type=\"widget\" data-widget_type=\"aux_image.default\">\n\t\t\t\t<div class=\"elementor-widget-container\">\n\t\t\t<section class=\"widget-container aux-widget-image aux-alignnone aux-parent-au06aa715d\">\n    <div class=\"aux-media-hint-frame \">\n        <div class=\"aux-media-image \" >\n        \n            \n\n            \n                        \n                <\/div>\n    <\/div>\n\n<\/section><!-- widget-container -->\t\t<\/div>\n\t\t\t\t<\/div>\n\t\t\t\t<div class=\"elementor-element elementor-element-15754170 aux-appear-watch-animation aux-fade-in-up elementor-widget elementor-widget-aux_button\" data-id=\"15754170\" data-element_type=\"widget\" data-widget_type=\"aux_button.default\">\n\t\t\t\t<div class=\"elementor-widget-container\">\n\t\t\t<a  href=\"https:\/\/www.linkedin.com\/in\/lucie-gabrielle-ab162a129\/\" target=\"_blank\"   class=\"aux-button aux-medium aux-carmine-pink aux-none aux-uppercase\" ><span class=\"aux-overlay\"><\/span><span class=\"aux-text\">PROFIL LINKEDIN<\/span><span class=\"aux-icon fa fa-long-arrow-right\"><\/span><\/a>\t\t<\/div>\n\t\t\t\t<\/div>\n\t\t\t\t\t<\/div>\n\t\t<\/div>\n\t\t\t\t\t<\/div>\n\t\t<\/section>\n\t\t\t\t<section class=\"elementor-section elementor-top-section elementor-element elementor-element-48461a2c elementor-section-boxed elementor-section-height-default elementor-section-height-default\" data-id=\"48461a2c\" data-element_type=\"section\" id=\"aux-Contact\">\n\t\t\t\t\t\t<div class=\"elementor-container elementor-column-gap-no\">\n\t\t\t\t\t<div class=\"aux-parallax-section elementor-column elementor-col-50 elementor-top-column elementor-element elementor-element-5c3e799\" data-id=\"5c3e799\" data-element_type=\"column\">\n\t\t\t<div class=\"elementor-widget-wrap elementor-element-populated\">\n\t\t\t\t\t\t<div class=\"elementor-element elementor-element-a830999 aux-appear-watch-animation aux-fade-in-left-1 elementor-widget elementor-widget-aux_modern_heading\" data-id=\"a830999\" data-element_type=\"widget\" data-widget_type=\"aux_modern_heading.default\">\n\t\t\t\t<div class=\"elementor-widget-container\">\n\t\t\t<section class=\"aux-widget-modern-heading\">\n            <div class=\"aux-widget-inner\"><div class=\"aux-modern-heading-divider\"><\/div><h3 class=\"aux-modern-heading-primary\">Se rencontrer\n\n<\/h3><h5 class=\"aux-modern-heading-secondary\"><span class=\"aux-head-before\">Chaque projet est une exp\u00e9rience unique, commen\u00e7ons par \u00e9changer<\/span><\/h5><div class=\"aux-modern-heading-description\"><p>06-12-05-72-59<\/p><p>contact(a)kinokine.com<\/p><\/div><\/div>\n        <\/section>\t\t<\/div>\n\t\t\t\t<\/div>\n\t\t\t\t<div class=\"elementor-element elementor-element-728c29b elementor-widget elementor-widget-spacer\" data-id=\"728c29b\" data-element_type=\"widget\" data-widget_type=\"spacer.default\">\n\t\t\t\t<div class=\"elementor-widget-container\">\n\t\t\t\t\t<div class=\"elementor-spacer\">\n\t\t\t<div class=\"elementor-spacer-inner\"><\/div>\n\t\t<\/div>\n\t\t\t\t<\/div>\n\t\t\t\t<\/div>\n\t\t\t\t\t<\/div>\n\t\t<\/div>\n\t\t\t\t<div class=\"aux-parallax-section elementor-column elementor-col-50 elementor-top-column elementor-element elementor-element-1d73960 aux-appear-watch-animation aux-fade-in-right-1\" data-id=\"1d73960\" data-element_type=\"column\">\n\t\t\t<div class=\"elementor-widget-wrap elementor-element-populated\">\n\t\t\t\t\t\t<div class=\"elementor-element elementor-element-2786741a aux-appear-watch-animation aux-fade-in-up elementor-widget elementor-widget-aux_contact_form\" data-id=\"2786741a\" data-element_type=\"widget\" id=\"contact-form\" data-widget_type=\"aux_contact_form.default\">\n\t\t\t\t<div class=\"elementor-widget-container\">\n\t\t\t<section class=\"widget-container aux-widget-contact-form aux-parent-au8c7195ee\">            <div class=\"aux-col-wrapper aux-no-gutter\">\n            <!-- @TODO - The output for element here -->\n\n            \n<div class=\"wpcf7 no-js\" id=\"wpcf7-f86-o1\" lang=\"en-US\" dir=\"ltr\">\n<div class=\"screen-reader-response\"><p role=\"status\" aria-live=\"polite\" aria-atomic=\"true\"><\/p> <ul><\/ul><\/div>\n<form action=\"\/index.php?rest_route=%2Fwp%2Fv2%2Fpages%2F1370#wpcf7-f86-o1\" method=\"post\" class=\"wpcf7-form init\" aria-label=\"Contact form\" novalidate=\"novalidate\" data-status=\"init\">\n<div style=\"display: none;\">\n<input type=\"hidden\" name=\"_wpcf7\" value=\"86\" \/>\n<input type=\"hidden\" name=\"_wpcf7_version\" value=\"5.9.5\" \/>\n<input type=\"hidden\" name=\"_wpcf7_locale\" value=\"en_US\" \/>\n<input type=\"hidden\" name=\"_wpcf7_unit_tag\" value=\"wpcf7-f86-o1\" \/>\n<input type=\"hidden\" name=\"_wpcf7_container_post\" value=\"0\" \/>\n<input type=\"hidden\" name=\"_wpcf7_posted_data_hash\" value=\"\" \/>\n<\/div>\n<div class=\"aux-nextto\">\n<span class=\"wpcf7-form-control-wrap\" data-name=\"text-962\"><input size=\"40\" class=\"wpcf7-form-control wpcf7-text wpcf7-validates-as-required\" aria-required=\"true\" aria-invalid=\"false\" placeholder=\"Pr\u00e9nom + Nom + Pronom\" value=\"\" type=\"text\" name=\"text-962\" \/><\/span>\n<\/div>\n<span class=\"wpcf7-form-control-wrap\" data-name=\"email-975\"><input size=\"40\" class=\"wpcf7-form-control wpcf7-email wpcf7-validates-as-required wpcf7-text wpcf7-validates-as-email\" aria-required=\"true\" aria-invalid=\"false\" placeholder=\"E-mail\" value=\"\" type=\"email\" name=\"email-975\" \/><\/span>\n<span class=\"wpcf7-form-control-wrap\" data-name=\"textarea-692\"><textarea cols=\"40\" rows=\"10\" class=\"wpcf7-form-control wpcf7-textarea wpcf7-validates-as-required\" aria-required=\"true\" aria-invalid=\"false\" placeholder=\"Projet\" name=\"textarea-692\"><\/textarea><\/span>\n<input class=\"wpcf7-form-control wpcf7-submit has-spinner\" type=\"submit\" value=\"Envoyer\" \/><div class=\"wpcf7-response-output\" aria-hidden=\"true\"><\/div>\n<\/form>\n<\/div>\n\n\n            <\/div><!-- aux-col-wrapper -->\n    <\/section><!-- widget-container -->\t\t<\/div>\n\t\t\t\t<\/div>\n\t\t\t\t\t<\/div>\n\t\t<\/div>\n\t\t\t\t\t<\/div>\n\t\t<\/section>\n\t\t\t\t<section class=\"elementor-section elementor-top-section elementor-element elementor-element-6bcfab7 elementor-section-boxed elementor-section-height-default elementor-section-height-default\" data-id=\"6bcfab7\" data-element_type=\"section\">\n\t\t\t\t\t\t<div class=\"elementor-container elementor-column-gap-default\">\n\t\t\t\t\t<div class=\"aux-parallax-section elementor-column elementor-col-100 elementor-top-column elementor-element elementor-element-b1cf2b2\" data-id=\"b1cf2b2\" data-element_type=\"column\">\n\t\t\t<div class=\"elementor-widget-wrap\">\n\t\t\t\t\t\t\t<\/div>\n\t\t<\/div>\n\t\t\t\t\t<\/div>\n\t\t<\/section>\n\t\t\t\t<\/div>\n\t\t","protected":false},"excerpt":{"rendered":"<p>Lucie Gabrielle Apr\u00e8s des \u00e9tudes de cin\u00e9ma, de techniques audiovisuelles et de sociologie, j&#8217;ai principalement travaill\u00e9 dans le secteur du cirque contemporain, de la danse et de la musique en tant que cadreuse, monteuse ou charg\u00e9e de communication vid\u00e9aste. Je r\u00e9alise et monte aussi des films d&#8217;entreprise. J&#8217;ai cr\u00e9\u00e9 Kinokine pour valoriser l\u2019authenticit\u00e9 et l&#8217;humain. [&hellip;]<\/p>\n","protected":false},"author":1,"featured_media":0,"parent":0,"menu_order":0,"comment_status":"closed","ping_status":"closed","template":"elementor_header_footer","meta":{"_monsterinsights_skip_tracking":false,"_monsterinsights_sitenote_active":false,"_monsterinsights_sitenote_note":"","_monsterinsights_sitenote_category":0,"footnotes":""},"aioseo_notices":[],"_links":{"self":[{"href":"https:\/\/kinokine.com\/index.php?rest_route=\/wp\/v2\/pages\/1370"}],"collection":[{"href":"https:\/\/kinokine.com\/index.php?rest_route=\/wp\/v2\/pages"}],"about":[{"href":"https:\/\/kinokine.com\/index.php?rest_route=\/wp\/v2\/types\/page"}],"author":[{"embeddable":true,"href":"https:\/\/kinokine.com\/index.php?rest_route=\/wp\/v2\/users\/1"}],"replies":[{"embeddable":true,"href":"https:\/\/kinokine.com\/index.php?rest_route=%2Fwp%2Fv2%2Fcomments&post=1370"}],"version-history":[{"count":62,"href":"https:\/\/kinokine.com\/index.php?rest_route=\/wp\/v2\/pages\/1370\/revisions"}],"predecessor-version":[{"id":2126,"href":"https:\/\/kinokine.com\/index.php?rest_route=\/wp\/v2\/pages\/1370\/revisions\/2126"}],"wp:attachment":[{"href":"https:\/\/kinokine.com\/index.php?rest_route=%2Fwp%2Fv2%2Fmedia&parent=1370"}],"curies":[{"name":"wp","href":"https:\/\/api.w.org\/{rel}","templated":true}]}}