{"id":1477,"date":"2024-01-22T10:41:28","date_gmt":"2024-01-22T09:41:28","guid":{"rendered":"https:\/\/kinokine.com\/?page_id=1477"},"modified":"2024-04-23T14:52:41","modified_gmt":"2024-04-23T12:52:41","slug":"video","status":"publish","type":"page","link":"https:\/\/kinokine.com\/?page_id=1477","title":{"rendered":"Vid\u00e9o"},"content":{"rendered":"\t\t<div data-elementor-type=\"wp-page\" data-elementor-id=\"1477\" class=\"elementor elementor-1477\">\n\t\t\t\t\t\t<section class=\"elementor-section elementor-top-section elementor-element elementor-element-2985f17 elementor-section-boxed elementor-section-height-default elementor-section-height-default\" data-id=\"2985f17\" data-element_type=\"section\">\n\t\t\t\t\t\t<div class=\"elementor-container elementor-column-gap-default\">\n\t\t\t\t\t<div class=\"aux-parallax-section elementor-column elementor-col-100 elementor-top-column elementor-element elementor-element-a0dea13\" data-id=\"a0dea13\" data-element_type=\"column\">\n\t\t\t<div class=\"elementor-widget-wrap elementor-element-populated\">\n\t\t\t\t\t\t<div class=\"elementor-element elementor-element-ea9280a elementor-widget elementor-widget-aux_blockquote\" data-id=\"ea9280a\" data-element_type=\"widget\" data-widget_type=\"aux_blockquote.default\">\n\t\t\t\t<div class=\"elementor-widget-container\">\n\t\t\t<section class=\"widget-container aux-widget-quote aux-parent-auc7ca4ce7\"><blockquote class=\"aux-elem-quote aux-blockquote-normal aux-text-align-inherit aux-quote-symbol\"><p>D\u00e9sol\u00e9 cette page en cours de maintenance pour le moment. Mais pas d'inqui\u00e9tude, tout est accessible et class\u00e9 en playlists sur la <span style=\"text-decoration: underline\"><a href=\"https:\/\/www.youtube.com\/channel\/UC9nUoLAWUSG_HTgQpW_nvYg\">cha\u00eene YouTube<\/a><\/span><\/p><\/blockquote><\/section><!-- widget-container -->\t\t<\/div>\n\t\t\t\t<\/div>\n\t\t\t\t\t<\/div>\n\t\t<\/div>\n\t\t\t\t\t<\/div>\n\t\t<\/section>\n\t\t\t\t<section class=\"elementor-section elementor-top-section elementor-element elementor-element-11e22e6 elementor-section-boxed elementor-section-height-default elementor-section-height-default\" data-id=\"11e22e6\" data-element_type=\"section\">\n\t\t\t\t\t\t<div class=\"elementor-container elementor-column-gap-default\">\n\t\t\t\t\t<div class=\"aux-parallax-section elementor-column elementor-col-100 elementor-top-column elementor-element elementor-element-44c7812\" data-id=\"44c7812\" data-element_type=\"column\">\n\t\t\t<div class=\"elementor-widget-wrap elementor-element-populated\">\n\t\t\t\t\t\t<div class=\"elementor-element elementor-element-6f2616c elementor-shape-rounded elementor-grid-0 e-grid-align-center elementor-widget elementor-widget-social-icons\" data-id=\"6f2616c\" data-element_type=\"widget\" data-widget_type=\"social-icons.default\">\n\t\t\t\t<div class=\"elementor-widget-container\">\n\t\t\t\t\t<div class=\"elementor-social-icons-wrapper elementor-grid\">\n\t\t\t\t\t\t\t<span class=\"elementor-grid-item\">\n\t\t\t\t\t<a class=\"elementor-icon elementor-social-icon elementor-social-icon-youtube elementor-animation-pulse-grow elementor-repeater-item-ff82f50\" href=\"https:\/\/www.youtube.com\/channel\/UC9nUoLAWUSG_HTgQpW_nvYg\" target=\"_blank\">\n\t\t\t\t\t\t<span class=\"elementor-screen-only\">Youtube<\/span>\n\t\t\t\t\t\t<i class=\"fab fa-youtube\"><\/i>\t\t\t\t\t<\/a>\n\t\t\t\t<\/span>\n\t\t\t\t\t<\/div>\n\t\t\t\t<\/div>\n\t\t\t\t<\/div>\n\t\t\t\t\t<\/div>\n\t\t<\/div>\n\t\t\t\t\t<\/div>\n\t\t<\/section>\n\t\t\t\t<section class=\"elementor-section elementor-top-section elementor-element elementor-element-0b5de3c elementor-section-boxed elementor-section-height-default elementor-section-height-default\" data-id=\"0b5de3c\" data-element_type=\"section\">\n\t\t\t\t\t\t<div class=\"elementor-container elementor-column-gap-default\">\n\t\t\t\t\t<div class=\"aux-parallax-section elementor-column elementor-col-100 elementor-top-column elementor-element elementor-element-ee0d0ad\" data-id=\"ee0d0ad\" data-element_type=\"column\">\n\t\t\t<div class=\"elementor-widget-wrap elementor-element-populated\">\n\t\t\t\t\t\t<div class=\"elementor-element elementor-element-a842628 elementor-widget elementor-widget-image-gallery\" data-id=\"a842628\" data-element_type=\"widget\" data-widget_type=\"image-gallery.default\">\n\t\t\t\t<div class=\"elementor-widget-container\">\n\t\t\t\t\t<div class=\"elementor-image-gallery\">\n\t\t\t<div id='gallery-1' class='gallery galleryid-1477 gallery-columns-4 gallery-size-large'><figure class='gallery-item'>\n\t\t\t<div class='gallery-icon landscape'>\n\t\t\t\t<a data-elementor-open-lightbox=\"yes\" data-elementor-lightbox-slideshow=\"a842628\" data-elementor-lightbox-title=\"Vid\u00e9o 3 - Cadre de vie.00_00_17_43.Still021\" data-e-action-hash=\"#elementor-action%3Aaction%3Dlightbox%26settings%3DeyJpZCI6MTY1NiwidXJsIjoiaHR0cHM6XC9cL2tpbm9raW5lLmNvbVwvd3AtY29udGVudFwvdXBsb2Fkc1wvMjAyNFwvMDFcL1ZpZGVvLTMtQ2FkcmUtZGUtdmllLjAwXzAwXzE3XzQzLlN0aWxsMDIxLmpwZyIsInNsaWRlc2hvdyI6ImE4NDI2MjgifQ%3D%3D\" href='https:\/\/kinokine.com\/wp-content\/uploads\/2024\/01\/Video-3-Cadre-de-vie.00_00_17_43.Still021.jpg'><img fetchpriority=\"high\" decoding=\"async\" width=\"1024\" height=\"1024\" src=\"https:\/\/kinokine.com\/wp-content\/uploads\/2024\/01\/Video-3-Cadre-de-vie.00_00_17_43.Still021-1024x1024.jpg\" class=\"attachment-large size-large\" alt=\"\" srcset=\"https:\/\/kinokine.com\/wp-content\/uploads\/2024\/01\/Video-3-Cadre-de-vie.00_00_17_43.Still021-1024x1024.jpg 1024w, https:\/\/kinokine.com\/wp-content\/uploads\/2024\/01\/Video-3-Cadre-de-vie.00_00_17_43.Still021-300x300.jpg 300w, https:\/\/kinokine.com\/wp-content\/uploads\/2024\/01\/Video-3-Cadre-de-vie.00_00_17_43.Still021-150x150.jpg 150w, https:\/\/kinokine.com\/wp-content\/uploads\/2024\/01\/Video-3-Cadre-de-vie.00_00_17_43.Still021-768x768.jpg 768w\" sizes=\"(max-width: 1024px) 100vw, 1024px\" \/><\/a>\n\t\t\t<\/div><\/figure><figure class='gallery-item'>\n\t\t\t<div class='gallery-icon landscape'>\n\t\t\t\t<a data-elementor-open-lightbox=\"yes\" data-elementor-lightbox-slideshow=\"a842628\" data-elementor-lightbox-title=\"Vid\u00e9o 2 - Salade.00_00_17_33.Still023\" data-e-action-hash=\"#elementor-action%3Aaction%3Dlightbox%26settings%3DeyJpZCI6MTY4NSwidXJsIjoiaHR0cHM6XC9cL2tpbm9raW5lLmNvbVwvd3AtY29udGVudFwvdXBsb2Fkc1wvMjAyMFwvMTBcL1ZpZGVvLTItU2FsYWRlLjAwXzAwXzE3XzMzLlN0aWxsMDIzLmpwZyIsInNsaWRlc2hvdyI6ImE4NDI2MjgifQ%3D%3D\" href='https:\/\/kinokine.com\/wp-content\/uploads\/2020\/10\/Video-2-Salade.00_00_17_33.Still023.jpg'><img decoding=\"async\" width=\"1024\" height=\"1024\" src=\"https:\/\/kinokine.com\/wp-content\/uploads\/2020\/10\/Video-2-Salade.00_00_17_33.Still023-1024x1024.jpg\" class=\"attachment-large size-large\" alt=\"\" srcset=\"https:\/\/kinokine.com\/wp-content\/uploads\/2020\/10\/Video-2-Salade.00_00_17_33.Still023-1024x1024.jpg 1024w, https:\/\/kinokine.com\/wp-content\/uploads\/2020\/10\/Video-2-Salade.00_00_17_33.Still023-300x300.jpg 300w, https:\/\/kinokine.com\/wp-content\/uploads\/2020\/10\/Video-2-Salade.00_00_17_33.Still023-150x150.jpg 150w, https:\/\/kinokine.com\/wp-content\/uploads\/2020\/10\/Video-2-Salade.00_00_17_33.Still023-768x768.jpg 768w\" sizes=\"(max-width: 1024px) 100vw, 1024px\" \/><\/a>\n\t\t\t<\/div><\/figure><figure class='gallery-item'>\n\t\t\t<div class='gallery-icon landscape'>\n\t\t\t\t<a data-elementor-open-lightbox=\"yes\" data-elementor-lightbox-slideshow=\"a842628\" data-elementor-lightbox-title=\"Sans titre_1.58.1\" data-e-action-hash=\"#elementor-action%3Aaction%3Dlightbox%26settings%3DeyJpZCI6OTU3LCJ1cmwiOiJodHRwczpcL1wva2lub2tpbmUuY29tXC93cC1jb250ZW50XC91cGxvYWRzXC8yMDI0XC8wMVwvU2Fucy10aXRyZV8xLjU4LjEuanBnIiwic2xpZGVzaG93IjoiYTg0MjYyOCJ9\" href='https:\/\/kinokine.com\/wp-content\/uploads\/2024\/01\/Sans-titre_1.58.1.jpg'><img decoding=\"async\" width=\"1024\" height=\"1024\" src=\"https:\/\/kinokine.com\/wp-content\/uploads\/2024\/01\/Sans-titre_1.58.1-1024x1024.jpg\" class=\"attachment-large size-large\" alt=\"\" srcset=\"https:\/\/kinokine.com\/wp-content\/uploads\/2024\/01\/Sans-titre_1.58.1-1024x1024.jpg 1024w, https:\/\/kinokine.com\/wp-content\/uploads\/2024\/01\/Sans-titre_1.58.1-300x300.jpg 300w, https:\/\/kinokine.com\/wp-content\/uploads\/2024\/01\/Sans-titre_1.58.1-150x150.jpg 150w, https:\/\/kinokine.com\/wp-content\/uploads\/2024\/01\/Sans-titre_1.58.1-768x768.jpg 768w\" sizes=\"(max-width: 1024px) 100vw, 1024px\" \/><\/a>\n\t\t\t<\/div><\/figure><figure class='gallery-item'>\n\t\t\t<div class='gallery-icon landscape'>\n\t\t\t\t<a data-elementor-open-lightbox=\"yes\" data-elementor-lightbox-slideshow=\"a842628\" data-elementor-lightbox-title=\"Sans titre_1.21.1\" data-e-action-hash=\"#elementor-action%3Aaction%3Dlightbox%26settings%3DeyJpZCI6OTUzLCJ1cmwiOiJodHRwczpcL1wva2lub2tpbmUuY29tXC93cC1jb250ZW50XC91cGxvYWRzXC8yMDI0XC8wMVwvU2Fucy10aXRyZV8xLjIxLjEuanBnIiwic2xpZGVzaG93IjoiYTg0MjYyOCJ9\" href='https:\/\/kinokine.com\/wp-content\/uploads\/2024\/01\/Sans-titre_1.21.1.jpg'><img loading=\"lazy\" decoding=\"async\" width=\"1024\" height=\"1024\" src=\"https:\/\/kinokine.com\/wp-content\/uploads\/2024\/01\/Sans-titre_1.21.1-1024x1024.jpg\" class=\"attachment-large size-large\" alt=\"\" srcset=\"https:\/\/kinokine.com\/wp-content\/uploads\/2024\/01\/Sans-titre_1.21.1-1024x1024.jpg 1024w, https:\/\/kinokine.com\/wp-content\/uploads\/2024\/01\/Sans-titre_1.21.1-300x300.jpg 300w, https:\/\/kinokine.com\/wp-content\/uploads\/2024\/01\/Sans-titre_1.21.1-150x150.jpg 150w, https:\/\/kinokine.com\/wp-content\/uploads\/2024\/01\/Sans-titre_1.21.1-768x768.jpg 768w\" sizes=\"(max-width: 1024px) 100vw, 1024px\" \/><\/a>\n\t\t\t<\/div><\/figure>\n\t\t<\/div>\n\t\t<\/div>\n\t\t\t\t<\/div>\n\t\t\t\t<\/div>\n\t\t\t\t\t<\/div>\n\t\t<\/div>\n\t\t\t\t\t<\/div>\n\t\t<\/section>\n\t\t\t\t<\/div>\n\t\t","protected":false},"excerpt":{"rendered":"<p>D\u00e9sol\u00e9 cette page en cours de maintenance pour le moment. Mais pas d&#8217;inqui\u00e9tude, tout est accessible et class\u00e9 en playlists sur la cha\u00eene YouTube Youtube<\/p>\n","protected":false},"author":1,"featured_media":0,"parent":0,"menu_order":0,"comment_status":"closed","ping_status":"closed","template":"","meta":{"_monsterinsights_skip_tracking":false,"_monsterinsights_sitenote_active":false,"_monsterinsights_sitenote_note":"","_monsterinsights_sitenote_category":0,"footnotes":""},"aioseo_notices":[],"_links":{"self":[{"href":"https:\/\/kinokine.com\/index.php?rest_route=\/wp\/v2\/pages\/1477"}],"collection":[{"href":"https:\/\/kinokine.com\/index.php?rest_route=\/wp\/v2\/pages"}],"about":[{"href":"https:\/\/kinokine.com\/index.php?rest_route=\/wp\/v2\/types\/page"}],"author":[{"embeddable":true,"href":"https:\/\/kinokine.com\/index.php?rest_route=\/wp\/v2\/users\/1"}],"replies":[{"embeddable":true,"href":"https:\/\/kinokine.com\/index.php?rest_route=%2Fwp%2Fv2%2Fcomments&post=1477"}],"version-history":[{"count":71,"href":"https:\/\/kinokine.com\/index.php?rest_route=\/wp\/v2\/pages\/1477\/revisions"}],"predecessor-version":[{"id":2222,"href":"https:\/\/kinokine.com\/index.php?rest_route=\/wp\/v2\/pages\/1477\/revisions\/2222"}],"wp:attachment":[{"href":"https:\/\/kinokine.com\/index.php?rest_route=%2Fwp%2Fv2%2Fmedia&parent=1477"}],"curies":[{"name":"wp","href":"https:\/\/api.w.org\/{rel}","templated":true}]}}